{"id":53,"date":"2017-02-02T13:48:57","date_gmt":"2017-02-02T13:48:57","guid":{"rendered":"http:\/\/beta.sv-boele.de\/?page_id=53"},"modified":"2025-04-04T19:01:52","modified_gmt":"2025-04-04T17:01:52","slug":"termine","status":"publish","type":"page","link":"https:\/\/sv-boele.de\/?page_id=53","title":{"rendered":"Termine"},"content":{"rendered":"<div id=\"fb-root\"><\/div>\n\n\n\n<div class=\"wp-block-columns is-layout-flex wp-container-core-columns-is-layout-1 wp-block-columns-is-layout-flex\">\n<div class=\"wp-block-column is-layout-flow wp-block-column-is-layout-flow\" style=\"flex-basis:100%\">\n<table style=\"width: 100%; height: 1282px;\" width=\"623\">\n<tbody>\n<tr style=\"height: 70px;\">\n<td style=\"height: 70px; width: 19.5609%;\" width=\"104\">\n<p><strong>Datum<\/strong><\/p>\n<\/td>\n<td style=\"height: 70px; width: 40.9182%;\" width=\"212\">\n<p><strong>Veranstaltung<\/strong><\/p>\n<\/td>\n<td style=\"height: 70px; width: 19.3613%;\" width=\"150\">\n<p><strong>Ort<\/strong><\/p>\n<\/td>\n<td style=\"height: 70px; width: 19.7605%;\" width=\"157\">\n<p><strong>Art<\/strong><\/p>\n<\/td>\n<\/tr>\n<tr>\n<td style=\"width: 19.5609%;\">\n<p>14.02.2025<\/p>\n<\/td>\n<td style=\"width: 40.9182%;\">\n<p><strong>1. Boeler Herrensitzung<\/strong><\/p>\n<\/td>\n<td style=\"width: 19.3613%;\">\n<p>Festplatz Hilgenland<\/p>\n<\/td>\n<td style=\"width: 19.7605%;\">\n<p>\u00f6ffentlich \/ Karte erforderlich<\/p>\n<\/td>\n<\/tr>\n<tr style=\"height: 99px;\">\n<td style=\"height: 99px; width: 19.5609%;\" width=\"104\">\n<p>21.02.2025<\/p>\n<\/td>\n<td style=\"height: 99px; width: 40.9182%;\" width=\"212\">\n<p><strong>3. Boeler Damensitzung<\/strong><\/p>\n<\/td>\n<td style=\"height: 99px; width: 19.3613%;\" width=\"150\">\n<p>Festplatz Hilgenland<\/p>\n<\/td>\n<td style=\"height: 99px; width: 19.7605%;\" width=\"157\">\n<p>\u00f6ffentlich \/ Karte erforderlich<\/p>\n<\/td>\n<\/tr>\n<tr style=\"height: 99px;\">\n<td style=\"height: 99px; width: 19.5609%;\" width=\"104\">\n<p>26.02.2025<\/p>\n<\/td>\n<td style=\"height: 99px; width: 40.9182%;\" width=\"212\">\n<p><strong>Kinder Karneval<\/strong><\/p>\n<\/td>\n<td style=\"height: 99px; width: 19.3613%;\" width=\"150\">\n<p>Festplatz Hilgenland<\/p>\n<\/td>\n<td style=\"height: 99px; width: 19.7605%;\" width=\"157\">\n<p>\u00f6ffentlich \/ Karte erforderlich<\/p>\n<\/td>\n<\/tr>\n<tr>\n<td style=\"width: 19.5609%;\">\n<p>28.02.2025<\/p>\n<\/td>\n<td style=\"width: 40.9182%;\">\n<p><strong>9. Boeler Stehung<\/strong><\/p>\n<\/td>\n<td style=\"width: 19.3613%;\">\n<p>Festplatz Hilgenland<\/p>\n<\/td>\n<td style=\"width: 19.7605%;\">\n<p>\u00f6ffentlich \/ Karte erforderlich<\/p>\n<\/td>\n<\/tr>\n<tr style=\"height: 70px;\">\n<td style=\"height: 70px; width: 19.5609%;\" width=\"104\">\n<p>02.03.2025<\/p>\n<\/td>\n<td style=\"height: 70px; width: 40.9182%;\" width=\"212\">\n<p><strong>Karnevalsumzug Boele<\/strong><\/p>\n<\/td>\n<td style=\"height: 70px; width: 19.3613%;\" width=\"150\">\n<p>Boele<\/p>\n<\/td>\n<td style=\"height: 70px; width: 19.7605%;\" width=\"157\">\n<p>\u00f6ffentlich<\/p>\n<\/td>\n<\/tr>\n<tr style=\"height: 70px;\">\n<td style=\"height: 70px; width: 19.5609%;\" width=\"104\">\n<p>30.03.2025<\/p>\n<\/td>\n<td style=\"height: 70px; width: 40.9182%;\" width=\"212\">\n<p><strong>Jahreshauptversammlung<\/strong><\/p>\n<p><strong>Im Anschluss &#8222;Sch\u00fctzenfest \u00fcben&#8220;<\/strong><\/p>\n<\/td>\n<td style=\"height: 70px; width: 19.3613%;\" width=\"150\">\n<p>Gasthaus Abrahams<\/p>\n<\/td>\n<td style=\"height: 70px; width: 19.7605%;\" width=\"157\">\n<p>intern<\/p>\n<\/td>\n<\/tr>\n<tr style=\"height: 99px;\">\n<td style=\"height: 99px; width: 19.5609%;\" width=\"104\">\n<p>Mo+Fr vom 24.03.bis 04.04.2025<\/p>\n<\/td>\n<td style=\"height: 99px; width: 40.9182%;\" width=\"212\">\n<p><strong>Osterpreisschie\u00dfen<\/strong><\/p>\n<\/td>\n<td style=\"height: 99px; width: 19.3613%;\" width=\"150\">\n<p>Sportst\u00e4tte<\/p>\n<\/td>\n<td style=\"height: 99px; width: 19.7605%;\" width=\"157\">\n<p>intern<\/p>\n<\/td>\n<\/tr>\n<tr style=\"height: 99px;\">\n<td style=\"height: 99px; width: 19.5609%;\" width=\"104\">\n<p>11.04.2025<\/p>\n<\/td>\n<td style=\"height: 99px; width: 40.9182%;\" width=\"212\">\n<p><strong>Osterfeier + K\u00f6nigsabschied<\/strong><\/p>\n<\/td>\n<td style=\"height: 99px; width: 19.3613%;\" width=\"150\">\n<p>Gasthaus Abrahams<\/p>\n<\/td>\n<td style=\"height: 99px; width: 19.7605%;\" width=\"157\">\n<p>intern \/ Anmeldung erforderlich<\/p>\n<\/td>\n<\/tr>\n<tr style=\"height: 70px;\">\n<td style=\"height: 70px; width: 19.5609%;\" width=\"104\">26.04.2025<\/td>\n<td style=\"height: 70px; width: 40.9182%;\" width=\"212\"><strong><a href=\"https:\/\/sv-boele.de\/?p=1180\" target=\"_blank\" rel=\"noopener\">Sch\u00fctzenfest 2025<\/a><\/strong><\/td>\n<td style=\"height: 70px; width: 19.3613%;\" width=\"150\">Festplatz Hilgenland<\/td>\n<td style=\"height: 70px; width: 19.7605%;\" width=\"157\">\u00f6ffentlich<\/td>\n<\/tr>\n<tr style=\"height: 99px;\">\n<td style=\"height: 99px; width: 19.5609%;\" width=\"104\">27.04.2025<\/td>\n<td style=\"height: 99px; width: 40.9182%;\" width=\"212\"><strong>Vogelschie\u00dfen<\/strong><\/td>\n<td style=\"height: 99px; width: 19.3613%;\" width=\"150\">Festplatz Hilgenland<\/td>\n<td style=\"height: 99px; width: 19.7605%;\" width=\"157\">\u00f6ffentlich<\/td>\n<\/tr>\n<tr style=\"height: 70px;\">\n<td style=\"height: 70px; width: 19.5609%;\" width=\"104\">30.04.2025<\/td>\n<td style=\"height: 70px; width: 40.9182%;\" width=\"212\">\n<p><strong>Proklamation + <\/strong><strong>Tanz in den Mai mit den\u00a0<a href=\"https:\/\/www.stoapfaelzer-spitzbuam.de\/\">Stoapfaelzer Spitzbuam<\/a><\/strong><\/p>\n<\/td>\n<td style=\"height: 70px; width: 19.3613%;\" width=\"150\">Festplatz Hilgenland<\/td>\n<td style=\"height: 70px; width: 19.7605%;\" width=\"157\">\u00f6ffentlich \/ Karte erforderlich<\/td>\n<\/tr>\n<tr style=\"height: 70px;\">\n<td style=\"height: 70px; width: 19.5609%;\" width=\"104\">01.05.2025<\/td>\n<td style=\"height: 70px; width: 40.9182%;\" width=\"212\"><strong>Umzug + Maibaumaufstellen (Kaffeefahrer)<\/strong><\/td>\n<td style=\"height: 70px; width: 19.3613%;\" width=\"150\">Festplatz Hilgenland<\/td>\n<td style=\"height: 70px; width: 19.7605%;\" width=\"157\">\u00f6ffentlich<\/td>\n<\/tr>\n<tr style=\"height: 70px;\">\n<td style=\"height: 70px; width: 19.5609%;\" width=\"104\">06 &#8211; 07.12.2025<\/td>\n<td style=\"height: 70px; width: 40.9182%;\" width=\"212\">\n<p><b>Weihnachtsmarkt Boele<\/b><\/p>\n<\/td>\n<td style=\"height: 70px; width: 19.3613%;\" width=\"150\">\n<p>Boeler <span style=\"font-size: inherit; font-family: inherit;\">Kirchplatz<\/span><\/p>\n<\/td>\n<td style=\"height: 70px; width: 19.7605%;\" width=\"157\">\n<p>\u00f6ffentlich<\/p>\n<\/td>\n<\/tr>\n<tr style=\"height: 99px;\">\n<td style=\"height: 99px; width: 19.5609%;\" width=\"104\">28.11., 01.12., 08.12 und 12.12.2025<\/td>\n<td style=\"height: 99px; width: 40.9182%;\" width=\"212\">\n<p><strong>Weihnachtspreisschie\u00dfen<\/strong><\/p>\n<\/td>\n<td style=\"height: 99px; width: 19.3613%;\" width=\"150\">\n<p>Sportst\u00e4tte<\/p>\n<\/td>\n<td style=\"height: 99px; width: 19.7605%;\" width=\"157\">\n<p>intern<\/p>\n<\/td>\n<\/tr>\n<tr style=\"height: 99px;\">\n<td style=\"height: 99px; width: 19.5609%;\" width=\"104\">\n<p>19.12.2025<\/p>\n<\/td>\n<td style=\"height: 99px; width: 40.9182%;\" width=\"212\">\n<p><strong>Weihnachtsfeier<\/strong><\/p>\n<\/td>\n<td style=\"height: 99px; width: 19.3613%;\" width=\"150\">\n<p>Sportst\u00e4tte<\/p>\n<\/td>\n<td style=\"height: 99px; width: 19.7605%;\" width=\"157\">\n<p>intern \/ Anmeldung erforderlich<\/p>\n<\/td>\n<\/tr>\n<\/tbody>\n<\/table>\n<p>Jeden Montag und Freitag findet ab 18 Uhr bis ca. 20 Uhr Training und gem\u00fctliches Beisammensein in der Sportst\u00e4tte statt. In den Schulferien bleibt unsere Sportst\u00e4tte geschlossen.<\/p>\n<p>Weitere Termine nach Absprache \u00fcber den kurzen Dienstweg. (WhatsApp, E-Mail, Sch\u00fctzenpost)<\/p>\n<\/div>\n<\/div>\n","protected":false},"excerpt":{"rendered":"<p>Datum Veranstaltung Ort Art 14.02.2025 1. Boeler Herrensitzung Festplatz Hilgenland \u00f6ffentlich \/ Karte erforderlich 21.02.2025 3. Boeler Damensitzung Festplatz Hilgenland \u00f6ffentlich \/ Karte erforderlich 26.02.2025 &#8230; <a title=\"Termine\" class=\"read-more\" href=\"https:\/\/sv-boele.de\/?page_id=53\">weiterlesen<\/a><\/p>\n","protected":false},"author":1,"featured_media":0,"parent":45,"menu_order":0,"comment_status":"closed","ping_status":"closed","template":"","meta":{"footnotes":""},"class_list":["post-53","page","type-page","status-publish"],"_links":{"self":[{"href":"https:\/\/sv-boele.de\/index.php?rest_route=\/wp\/v2\/pages\/53"}],"collection":[{"href":"https:\/\/sv-boele.de\/index.php?rest_route=\/wp\/v2\/pages"}],"about":[{"href":"https:\/\/sv-boele.de\/index.php?rest_route=\/wp\/v2\/types\/page"}],"author":[{"embeddable":true,"href":"https:\/\/sv-boele.de\/index.php?rest_route=\/wp\/v2\/users\/1"}],"replies":[{"embeddable":true,"href":"https:\/\/sv-boele.de\/index.php?rest_route=%2Fwp%2Fv2%2Fcomments&post=53"}],"version-history":[{"count":41,"href":"https:\/\/sv-boele.de\/index.php?rest_route=\/wp\/v2\/pages\/53\/revisions"}],"predecessor-version":[{"id":1190,"href":"https:\/\/sv-boele.de\/index.php?rest_route=\/wp\/v2\/pages\/53\/revisions\/1190"}],"up":[{"embeddable":true,"href":"https:\/\/sv-boele.de\/index.php?rest_route=\/wp\/v2\/pages\/45"}],"wp:attachment":[{"href":"https:\/\/sv-boele.de\/index.php?rest_route=%2Fwp%2Fv2%2Fmedia&parent=53"}],"curies":[{"name":"wp","href":"https:\/\/api.w.org\/{rel}","templated":true}]}}