{"id":18,"date":"2017-02-02T12:18:58","date_gmt":"2017-02-02T12:18:58","guid":{"rendered":"http:\/\/beta.sv-boele.de\/?page_id=18"},"modified":"2023-02-07T06:11:53","modified_gmt":"2023-02-07T05:11:53","slug":"informationen","status":"publish","type":"page","link":"https:\/\/sv-boele.de\/?page_id=18","title":{"rendered":"Informationen"},"content":{"rendered":"<div id=\"fb-root\"><\/div>\n<p style=\"text-align: center;\"><strong>Wir bitten Sie, den Links besondere Aufmerksamkeit zu schenken.<\/strong><\/p>\n<p style=\"text-align: center;\"><a href=\"http:\/\/www.dsb.de\/\"><img loading=\"lazy\" decoding=\"async\" class=\"alignnone size-full wp-image-237\" src=\"http:\/\/beta.sv-boele.de\/wp-content\/uploads\/2017\/02\/bg-logo.png\" alt=\"\" width=\"174\" height=\"128\" \/><br \/>\nDeutscher Sch\u00fctzenbund e.V.<\/a><\/p>\n<hr \/>\n<p style=\"text-align: center;\"><a href=\"http:\/\/www.dsb.de\/deutsche_meisterschaften\/\"><img loading=\"lazy\" decoding=\"async\" class=\"alignnone size-full wp-image-238\" src=\"http:\/\/beta.sv-boele.de\/wp-content\/uploads\/2017\/02\/bg-logo.png\" alt=\"\" width=\"174\" height=\"108\" \/><br \/>\nErgebnisse Deutsche Meisterschaft<\/a><\/p>\n<hr \/>\n<p style=\"text-align: center;\"><a href=\"http:\/\/www.wsb1861.de\/\"><img decoding=\"async\" src=\"http:\/\/www.wsb1861.de\/wp-content\/themes\/freshy2.1.2\/freshy2\/images\/head.gif\" \/><br \/>\nWestf\u00e4lischer Sch\u00fctzenbund\u00a0seit 1861 e.V.<\/a><\/p>\n<hr \/>\n<p style=\"text-align: center;\"><a href=\"http:\/\/www.bezirkmark.de\/\"><img loading=\"lazy\" decoding=\"async\" class=\"alignnone wp-image-252\" src=\"http:\/\/beta.sv-boele.de\/wp-content\/uploads\/2017\/02\/BEZIRK-300x67.jpg\" alt=\"\" width=\"483\" height=\"108\" srcset=\"https:\/\/sv-boele.de\/wp-content\/uploads\/2017\/02\/BEZIRK-300x67.jpg 300w, https:\/\/sv-boele.de\/wp-content\/uploads\/2017\/02\/BEZIRK-768x172.jpg 768w, https:\/\/sv-boele.de\/wp-content\/uploads\/2017\/02\/BEZIRK-1024x229.jpg 1024w, https:\/\/sv-boele.de\/wp-content\/uploads\/2017\/02\/BEZIRK.jpg 1654w\" sizes=\"(max-width: 483px) 100vw, 483px\" \/><br \/>\nSch\u00fctzenbezirk Mark im Westf\u00e4lischen Sch\u00fctzenbund\u00a0von 1861 e.V.<\/a><\/p>\n<hr \/>\n<p style=\"text-align: center;\"><a href=\"http:\/\/www.sk4100.de\/\"><img loading=\"lazy\" decoding=\"async\" class=\"alignnone wp-image-253 size-full\" src=\"http:\/\/sv-boele.de\/wp-content\/uploads\/2017\/02\/image004-1.jpg\" alt=\"\" width=\"126\" height=\"117\" \/><br \/>\nSch\u00fctzenkreis Hagen<\/a><\/p>\n<hr \/>\n<p style=\"text-align: center;\"><a href=\"http:\/\/www.ssb-hagen.de\/\"><img loading=\"lazy\" decoding=\"async\" class=\"alignnone size-medium wp-image-254\" src=\"http:\/\/beta.sv-boele.de\/wp-content\/uploads\/2017\/02\/stadtsportbund-hagen-logo-300x65.png\" alt=\"\" width=\"300\" height=\"65\" srcset=\"https:\/\/sv-boele.de\/wp-content\/uploads\/2017\/02\/stadtsportbund-hagen-logo-300x65.png 300w, https:\/\/sv-boele.de\/wp-content\/uploads\/2017\/02\/stadtsportbund-hagen-logo.png 328w\" sizes=\"(max-width: 300px) 100vw, 300px\" \/><br \/>\nStadtsportbund Hagen<\/a><\/p>\n<hr \/>\n<p style=\"text-align: center;\"><a href=\"http:\/\/www.schuetzenverein-boelerheide.de\"><img loading=\"lazy\" decoding=\"async\" class=\"alignnone size-medium wp-image-255\" src=\"http:\/\/beta.sv-boele.de\/wp-content\/uploads\/2017\/02\/schuetzenvereinlogo2_4c.png\" alt=\"\" width=\"163\" height=\"200\" \/><br \/>\nSV Boelerheide 1925 e.V.<\/a><\/p>\n<hr \/>\n<p style=\"text-align: center;\"><a href=\"https:\/\/www.facebook.com\/svlennetal\/\"><img loading=\"lazy\" decoding=\"async\" class=\"alignnone size-medium wp-image-250\" src=\"http:\/\/beta.sv-boele.de\/wp-content\/uploads\/2017\/02\/1979563_648837328518248_7819310896136525396_n.jpg\" alt=\"\" width=\"200\" height=\"200\" srcset=\"https:\/\/sv-boele.de\/wp-content\/uploads\/2017\/02\/1979563_648837328518248_7819310896136525396_n.jpg 200w, https:\/\/sv-boele.de\/wp-content\/uploads\/2017\/02\/1979563_648837328518248_7819310896136525396_n-150x150.jpg 150w\" sizes=\"(max-width: 200px) 100vw, 200px\" \/><br \/>\nSV Lennetal e.V.<\/a><\/p>\n<hr \/>\n<p style=\"text-align: center;\"><a href=\"http:\/\/www.sportschuetzen-mittelstadt.com\/\"><img loading=\"lazy\" decoding=\"async\" class=\"alignnone wp-image-244\" src=\"http:\/\/beta.sv-boele.de\/wp-content\/uploads\/2017\/02\/mittelstadt.png\" alt=\"\" width=\"156\" height=\"187\" \/><br \/>\nSportsch\u00fctzen Mittelstadt<\/a><\/p>\n<hr \/>\n<p style=\"text-align: center;\"><a href=\"http:\/\/www.schiesssportausruester.de\/\"><img loading=\"lazy\" decoding=\"async\" class=\"alignnone wp-image-247\" src=\"http:\/\/beta.sv-boele.de\/wp-content\/uploads\/2017\/02\/Kopf_Schiesssportausruster-300x44.jpg\" alt=\"\" width=\"539\" height=\"79\" srcset=\"https:\/\/sv-boele.de\/wp-content\/uploads\/2017\/02\/Kopf_Schiesssportausruster-300x44.jpg 300w, https:\/\/sv-boele.de\/wp-content\/uploads\/2017\/02\/Kopf_Schiesssportausruster-768x114.jpg 768w, https:\/\/sv-boele.de\/wp-content\/uploads\/2017\/02\/Kopf_Schiesssportausruster.jpg 798w\" sizes=\"(max-width: 539px) 100vw, 539px\" \/><br \/>\n<strong>Schie\u00dfsportausr\u00fcster Klaus Wei\u00dfkopf<br \/>\n<\/strong>Sch\u00fctzenblazer vom Sch\u00fctzenkreis Hagen<br \/>\nReparatur von Sportwaffen<\/a><\/p>\n<hr \/>\n<p style=\"text-align: center;\"><a href=\"http:\/\/www.appelbaum-sport.de\/\"><img loading=\"lazy\" decoding=\"async\" class=\"alignnone size-medium wp-image-248\" src=\"http:\/\/beta.sv-boele.de\/wp-content\/uploads\/2017\/02\/SA-300x88.png\" alt=\"\" width=\"300\" height=\"88\" srcset=\"https:\/\/sv-boele.de\/wp-content\/uploads\/2017\/02\/SA-300x88.png 300w, https:\/\/sv-boele.de\/wp-content\/uploads\/2017\/02\/SA.png 503w\" sizes=\"(max-width: 300px) 100vw, 300px\" \/><br \/>\nSchie\u00dfsport-Zubeh\u00f6r Markus Appelbaum<\/a><\/p>\n<hr \/>\n<p style=\"text-align: center;\"><a href=\"http:\/\/www.murks-nein-danke.de\/murksmelden\/\"><img loading=\"lazy\" decoding=\"async\" class=\"alignnone size-medium wp-image-249\" src=\"http:\/\/beta.sv-boele.de\/wp-content\/uploads\/2017\/02\/header-responsive-008-300x100.png\" alt=\"\" width=\"300\" height=\"100\" \/><br \/>\nMurks melden<br \/>\nMelden Sie Produkte mit typischen Murkssch\u00e4den, Produkte die gleich nach der Garatiezeit kaputt gehen.<\/a><\/p>\n<hr \/>\n<p style=\"text-align: center;\"><a href=\"http:\/\/de.wikipedia.org\/wiki\/Sch%C3%BCtzenverein\"><img decoding=\"async\" src=\"https:\/\/de.wikipedia.org\/static\/images\/project-logos\/dewiki.png\" \/><br \/>\n<strong>WIKIPEDIA<\/strong> \u00fcber Sch\u00fctzenvereine<\/a><\/p>\n","protected":false},"excerpt":{"rendered":"<p>Wir bitten Sie, den Links besondere Aufmerksamkeit zu schenken. Deutscher Sch\u00fctzenbund e.V. Ergebnisse Deutsche Meisterschaft Westf\u00e4lischer Sch\u00fctzenbund\u00a0seit 1861 e.V. Sch\u00fctzenbezirk Mark im Westf\u00e4lischen Sch\u00fctzenbund\u00a0von 1861 &#8230; <a title=\"Informationen\" class=\"read-more\" href=\"https:\/\/sv-boele.de\/?page_id=18\">weiterlesen<\/a><\/p>\n","protected":false},"author":1,"featured_media":0,"parent":0,"menu_order":0,"comment_status":"closed","ping_status":"closed","template":"","meta":{"footnotes":""},"class_list":["post-18","page","type-page","status-publish"],"_links":{"self":[{"href":"https:\/\/sv-boele.de\/index.php?rest_route=\/wp\/v2\/pages\/18"}],"collection":[{"href":"https:\/\/sv-boele.de\/index.php?rest_route=\/wp\/v2\/pages"}],"about":[{"href":"https:\/\/sv-boele.de\/index.php?rest_route=\/wp\/v2\/types\/page"}],"author":[{"embeddable":true,"href":"https:\/\/sv-boele.de\/index.php?rest_route=\/wp\/v2\/users\/1"}],"replies":[{"embeddable":true,"href":"https:\/\/sv-boele.de\/index.php?rest_route=%2Fwp%2Fv2%2Fcomments&post=18"}],"version-history":[{"count":24,"href":"https:\/\/sv-boele.de\/index.php?rest_route=\/wp\/v2\/pages\/18\/revisions"}],"predecessor-version":[{"id":1143,"href":"https:\/\/sv-boele.de\/index.php?rest_route=\/wp\/v2\/pages\/18\/revisions\/1143"}],"wp:attachment":[{"href":"https:\/\/sv-boele.de\/index.php?rest_route=%2Fwp%2Fv2%2Fmedia&parent=18"}],"curies":[{"name":"wp","href":"https:\/\/api.w.org\/{rel}","templated":true}]}}